{"id":15,"date":"2026-04-16T02:52:25","date_gmt":"2026-04-16T02:52:25","guid":{"rendered":"https:\/\/kienthucdinhduong.vn\/?page_id=15"},"modified":"2026-04-16T02:52:25","modified_gmt":"2026-04-16T02:52:25","slug":"suc-khoe-he-mien-dich","status":"publish","type":"page","link":"https:\/\/kienthucdinhduong.vn\/suc-khoe-he-mien-dich\/","title":{"rendered":"S\u1ee9c kh\u1ecfe h\u1ec7 mi\u1ec5n d\u1ecbch"},"content":{"rendered":"","protected":false},"excerpt":{"rendered":"","protected":false},"author":1,"featured_media":0,"parent":0,"menu_order":0,"comment_status":"closed","ping_status":"closed","template":"","meta":{"footnotes":""},"class_list":["post-15","page","type-page","status-publish","hentry"],"yoast_head":"<!-- This site is optimized with the Yoast SEO plugin v27.4 - https:\/\/yoast.com\/product\/yoast-seo-wordpress\/ -->\n<title>S\u1ee9c kh\u1ecfe h\u1ec7 mi\u1ec5n d\u1ecbch - Ki\u1ebfn Th\u1ee9c Dinh D\u01b0\u1ee1ng - Gi\u1ea3i Ph\u00e1p S\u1ee9c Kh\u1ecfe Ch\u1ee7 \u0110\u1ed9ng<\/title>\n<meta name=\"robots\" content=\"index, follow, max-snippet:-1, max-image-preview:large, max-video-preview:-1\" \/>\n<link rel=\"canonical\" href=\"https:\/\/kienthucdinhduong.vn\/suc-khoe-he-mien-dich\/\" \/>\n<meta property=\"og:locale\" content=\"vi_VN\" \/>\n<meta property=\"og:type\" content=\"article\" \/>\n<meta property=\"og:title\" content=\"S\u1ee9c kh\u1ecfe h\u1ec7 mi\u1ec5n d\u1ecbch - Ki\u1ebfn Th\u1ee9c Dinh D\u01b0\u1ee1ng - Gi\u1ea3i Ph\u00e1p S\u1ee9c Kh\u1ecfe Ch\u1ee7 \u0110\u1ed9ng\" \/>\n<meta property=\"og:url\" content=\"https:\/\/kienthucdinhduong.vn\/suc-khoe-he-mien-dich\/\" \/>\n<meta property=\"og:site_name\" content=\"Ki\u1ebfn Th\u1ee9c Dinh D\u01b0\u1ee1ng - Gi\u1ea3i Ph\u00e1p S\u1ee9c Kh\u1ecfe Ch\u1ee7 \u0110\u1ed9ng\" \/>\n<meta name=\"twitter:card\" content=\"summary_large_image\" \/>\n<script type=\"application\/ld+json\" class=\"yoast-schema-graph\">{\"@context\":\"https:\\\/\\\/schema.org\",\"@graph\":[{\"@type\":\"WebPage\",\"@id\":\"https:\\\/\\\/kienthucdinhduong.vn\\\/suc-khoe-he-mien-dich\\\/\",\"url\":\"https:\\\/\\\/kienthucdinhduong.vn\\\/suc-khoe-he-mien-dich\\\/\",\"name\":\"S\u1ee9c kh\u1ecfe h\u1ec7 mi\u1ec5n d\u1ecbch - Ki\u1ebfn Th\u1ee9c Dinh D\u01b0\u1ee1ng - Gi\u1ea3i Ph\u00e1p S\u1ee9c Kh\u1ecfe Ch\u1ee7 \u0110\u1ed9ng\",\"isPartOf\":{\"@id\":\"https:\\\/\\\/kienthucdinhduong.vn\\\/#website\"},\"datePublished\":\"2026-04-16T02:52:25+00:00\",\"breadcrumb\":{\"@id\":\"https:\\\/\\\/kienthucdinhduong.vn\\\/suc-khoe-he-mien-dich\\\/#breadcrumb\"},\"inLanguage\":\"vi\",\"potentialAction\":[{\"@type\":\"ReadAction\",\"target\":[\"https:\\\/\\\/kienthucdinhduong.vn\\\/suc-khoe-he-mien-dich\\\/\"]}]},{\"@type\":\"BreadcrumbList\",\"@id\":\"https:\\\/\\\/kienthucdinhduong.vn\\\/suc-khoe-he-mien-dich\\\/#breadcrumb\",\"itemListElement\":[{\"@type\":\"ListItem\",\"position\":1,\"name\":\"Trang ch\u1ee7\",\"item\":\"https:\\\/\\\/kienthucdinhduong.vn\\\/\"},{\"@type\":\"ListItem\",\"position\":2,\"name\":\"S\u1ee9c kh\u1ecfe h\u1ec7 mi\u1ec5n d\u1ecbch\"}]},{\"@type\":\"WebSite\",\"@id\":\"https:\\\/\\\/kienthucdinhduong.vn\\\/#website\",\"url\":\"https:\\\/\\\/kienthucdinhduong.vn\\\/\",\"name\":\"Ki\u1ebfn Th\u1ee9c Dinh D\u01b0\u1ee1ng - Gi\u1ea3i Ph\u00e1p S\u1ee9c Kh\u1ecfe Ch\u1ee7 \u0110\u1ed9ng\",\"description\":\"S\u1ed1ng kh\u1ecfe ch\u1ee7 \u0111\u1ed9ng m\u1ed7i ng\u00e0y c\u00f9ng Kienthucdinhduong.vn. Chuy\u00ean trang cung c\u1ea5p ki\u1ebfn th\u1ee9c dinh d\u01b0\u1ee1ng c\u01a1 b\u1ea3n v\u00e0 gi\u1ea3i ph\u00e1p t\u1eeb Nutrilite. Truy c\u1eadp ngay h\u00f4m nay!\",\"publisher\":{\"@id\":\"https:\\\/\\\/kienthucdinhduong.vn\\\/#\\\/schema\\\/person\\\/1a6f80b74e10c89dc150202b4b033026\"},\"potentialAction\":[{\"@type\":\"SearchAction\",\"target\":{\"@type\":\"EntryPoint\",\"urlTemplate\":\"https:\\\/\\\/kienthucdinhduong.vn\\\/?s={search_term_string}\"},\"query-input\":{\"@type\":\"PropertyValueSpecification\",\"valueRequired\":true,\"valueName\":\"search_term_string\"}}],\"inLanguage\":\"vi\"},{\"@type\":[\"Person\",\"Organization\"],\"@id\":\"https:\\\/\\\/kienthucdinhduong.vn\\\/#\\\/schema\\\/person\\\/1a6f80b74e10c89dc150202b4b033026\",\"name\":\"admin\",\"image\":{\"@type\":\"ImageObject\",\"inLanguage\":\"vi\",\"@id\":\"https:\\\/\\\/kienthucdinhduong.vn\\\/wp-content\\\/uploads\\\/2026\\\/04\\\/cropped-icon.png\",\"url\":\"https:\\\/\\\/kienthucdinhduong.vn\\\/wp-content\\\/uploads\\\/2026\\\/04\\\/cropped-icon.png\",\"contentUrl\":\"https:\\\/\\\/kienthucdinhduong.vn\\\/wp-content\\\/uploads\\\/2026\\\/04\\\/cropped-icon.png\",\"width\":512,\"height\":512,\"caption\":\"admin\"},\"logo\":{\"@id\":\"https:\\\/\\\/kienthucdinhduong.vn\\\/wp-content\\\/uploads\\\/2026\\\/04\\\/cropped-icon.png\"},\"sameAs\":[\"https:\\\/\\\/kienthucdinhduong.vn\"]}]}<\/script>\n<!-- \/ Yoast SEO plugin. -->","yoast_head_json":{"title":"S\u1ee9c kh\u1ecfe h\u1ec7 mi\u1ec5n d\u1ecbch - Ki\u1ebfn Th\u1ee9c Dinh D\u01b0\u1ee1ng - Gi\u1ea3i Ph\u00e1p S\u1ee9c Kh\u1ecfe Ch\u1ee7 \u0110\u1ed9ng","robots":{"index":"index","follow":"follow","max-snippet":"max-snippet:-1","max-image-preview":"max-image-preview:large","max-video-preview":"max-video-preview:-1"},"canonical":"https:\/\/kienthucdinhduong.vn\/suc-khoe-he-mien-dich\/","og_locale":"vi_VN","og_type":"article","og_title":"S\u1ee9c kh\u1ecfe h\u1ec7 mi\u1ec5n d\u1ecbch - Ki\u1ebfn Th\u1ee9c Dinh D\u01b0\u1ee1ng - Gi\u1ea3i Ph\u00e1p S\u1ee9c Kh\u1ecfe Ch\u1ee7 \u0110\u1ed9ng","og_url":"https:\/\/kienthucdinhduong.vn\/suc-khoe-he-mien-dich\/","og_site_name":"Ki\u1ebfn Th\u1ee9c Dinh D\u01b0\u1ee1ng - Gi\u1ea3i Ph\u00e1p S\u1ee9c Kh\u1ecfe Ch\u1ee7 \u0110\u1ed9ng","twitter_card":"summary_large_image","schema":{"@context":"https:\/\/schema.org","@graph":[{"@type":"WebPage","@id":"https:\/\/kienthucdinhduong.vn\/suc-khoe-he-mien-dich\/","url":"https:\/\/kienthucdinhduong.vn\/suc-khoe-he-mien-dich\/","name":"S\u1ee9c kh\u1ecfe h\u1ec7 mi\u1ec5n d\u1ecbch - Ki\u1ebfn Th\u1ee9c Dinh D\u01b0\u1ee1ng - Gi\u1ea3i Ph\u00e1p S\u1ee9c Kh\u1ecfe Ch\u1ee7 \u0110\u1ed9ng","isPartOf":{"@id":"https:\/\/kienthucdinhduong.vn\/#website"},"datePublished":"2026-04-16T02:52:25+00:00","breadcrumb":{"@id":"https:\/\/kienthucdinhduong.vn\/suc-khoe-he-mien-dich\/#breadcrumb"},"inLanguage":"vi","potentialAction":[{"@type":"ReadAction","target":["https:\/\/kienthucdinhduong.vn\/suc-khoe-he-mien-dich\/"]}]},{"@type":"BreadcrumbList","@id":"https:\/\/kienthucdinhduong.vn\/suc-khoe-he-mien-dich\/#breadcrumb","itemListElement":[{"@type":"ListItem","position":1,"name":"Trang ch\u1ee7","item":"https:\/\/kienthucdinhduong.vn\/"},{"@type":"ListItem","position":2,"name":"S\u1ee9c kh\u1ecfe h\u1ec7 mi\u1ec5n d\u1ecbch"}]},{"@type":"WebSite","@id":"https:\/\/kienthucdinhduong.vn\/#website","url":"https:\/\/kienthucdinhduong.vn\/","name":"Ki\u1ebfn Th\u1ee9c Dinh D\u01b0\u1ee1ng - Gi\u1ea3i Ph\u00e1p S\u1ee9c Kh\u1ecfe Ch\u1ee7 \u0110\u1ed9ng","description":"S\u1ed1ng kh\u1ecfe ch\u1ee7 \u0111\u1ed9ng m\u1ed7i ng\u00e0y c\u00f9ng Kienthucdinhduong.vn. Chuy\u00ean trang cung c\u1ea5p ki\u1ebfn th\u1ee9c dinh d\u01b0\u1ee1ng c\u01a1 b\u1ea3n v\u00e0 gi\u1ea3i ph\u00e1p t\u1eeb Nutrilite. Truy c\u1eadp ngay h\u00f4m nay!","publisher":{"@id":"https:\/\/kienthucdinhduong.vn\/#\/schema\/person\/1a6f80b74e10c89dc150202b4b033026"},"potentialAction":[{"@type":"SearchAction","target":{"@type":"EntryPoint","urlTemplate":"https:\/\/kienthucdinhduong.vn\/?s={search_term_string}"},"query-input":{"@type":"PropertyValueSpecification","valueRequired":true,"valueName":"search_term_string"}}],"inLanguage":"vi"},{"@type":["Person","Organization"],"@id":"https:\/\/kienthucdinhduong.vn\/#\/schema\/person\/1a6f80b74e10c89dc150202b4b033026","name":"admin","image":{"@type":"ImageObject","inLanguage":"vi","@id":"https:\/\/kienthucdinhduong.vn\/wp-content\/uploads\/2026\/04\/cropped-icon.png","url":"https:\/\/kienthucdinhduong.vn\/wp-content\/uploads\/2026\/04\/cropped-icon.png","contentUrl":"https:\/\/kienthucdinhduong.vn\/wp-content\/uploads\/2026\/04\/cropped-icon.png","width":512,"height":512,"caption":"admin"},"logo":{"@id":"https:\/\/kienthucdinhduong.vn\/wp-content\/uploads\/2026\/04\/cropped-icon.png"},"sameAs":["https:\/\/kienthucdinhduong.vn"]}]}},"_links":{"self":[{"href":"https:\/\/kienthucdinhduong.vn\/wp-json\/wp\/v2\/pages\/15","targetHints":{"allow":["GET"]}}],"collection":[{"href":"https:\/\/kienthucdinhduong.vn\/wp-json\/wp\/v2\/pages"}],"about":[{"href":"https:\/\/kienthucdinhduong.vn\/wp-json\/wp\/v2\/types\/page"}],"author":[{"embeddable":true,"href":"https:\/\/kienthucdinhduong.vn\/wp-json\/wp\/v2\/users\/1"}],"replies":[{"embeddable":true,"href":"https:\/\/kienthucdinhduong.vn\/wp-json\/wp\/v2\/comments?post=15"}],"version-history":[{"count":1,"href":"https:\/\/kienthucdinhduong.vn\/wp-json\/wp\/v2\/pages\/15\/revisions"}],"predecessor-version":[{"id":22,"href":"https:\/\/kienthucdinhduong.vn\/wp-json\/wp\/v2\/pages\/15\/revisions\/22"}],"wp:attachment":[{"href":"https:\/\/kienthucdinhduong.vn\/wp-json\/wp\/v2\/media?parent=15"}],"curies":[{"name":"wp","href":"https:\/\/api.w.org\/{rel}","templated":true}]}}